{"id":188,"date":"2020-02-05T16:57:00","date_gmt":"2020-02-05T15:57:00","guid":{"rendered":"http:\/\/www.power-face.de.domainpreview.eu\/?page_id=188"},"modified":"2024-10-07T11:43:28","modified_gmt":"2024-10-07T09:43:28","slug":"impressum","status":"publish","type":"page","link":"https:\/\/www.power-face.com\/?page_id=188","title":{"rendered":"Impressum"},"content":{"rendered":"\n[et_pb_section fb_built=&#8220;1&#8243; next_background_color=&#8220;#ffffff&#8220; admin_label=&#8220;Hero&#8220; _builder_version=&#8220;4.0.6&#8243; use_background_color_gradient=&#8220;on&#8220; background_color_gradient_start=&#8220;#cc6633&#8243; background_color_gradient_end=&#8220;rgba(102,204,204,0.43)&#8220; background_color_gradient_direction=&#8220;70deg&#8220; background_color_gradient_overlays_image=&#8220;on&#8220; background_image=&#8220;https:\/\/www.power-face.com\/inhalt\/uploads\/2020\/01\/Logo.png&#8220; custom_margin=&#8220;|||&#8220; custom_padding=&#8220;6vw||100px||false|false&#8220; bottom_divider_style=&#8220;mountains2&#8243; bottom_divider_repeat=&#8220;0.5x&#8220; bottom_divider_flip=&#8220;horizontal|vertical&#8220; global_module=&#8220;195&#8243; saved_tabs=&#8220;all&#8220;][et_pb_row _builder_version=&#8220;3.25&#8243; custom_margin=&#8220;|||&#8220; custom_padding=&#8220;27px|0px|0|0px|false|false&#8220;][et_pb_column type=&#8220;4_4&#8243; _builder_version=&#8220;3.25&#8243; custom_padding=&#8220;|||&#8220; custom_padding__hover=&#8220;|||&#8220;][et_pb_text _builder_version=&#8220;4.0.6&#8243; text_font=&#8220;||||||||&#8220; header_font=&#8220;Josefin Sans|700|||||||&#8220; header_font_size=&#8220;90px&#8220; header_line_height=&#8220;1.4em&#8220; header_2_font=&#8220;Josefin Sans||||||||&#8220; header_2_text_color=&#8220;rgba(255,255,255,0.6)&#8220; header_2_font_size=&#8220;32px&#8220; header_2_line_height=&#8220;1.4em&#8220; background_layout=&#8220;dark&#8220; animation_style=&#8220;slide&#8220; animation_direction=&#8220;right&#8220; animation_intensity_slide=&#8220;4%&#8220; header_font_size_tablet=&#8220;50px&#8220; header_font_size_phone=&#8220;32px&#8220; header_font_size_last_edited=&#8220;on|desktop&#8220; header_2_font_size_tablet=&#8220;&#8220; header_2_font_size_phone=&#8220;24px&#8220; header_2_font_size_last_edited=&#8220;on|phone&#8220;]<h1>Impressum<\/h1>[\/et_pb_text][\/et_pb_column][\/et_pb_row][\/et_pb_section][et_pb_section fb_built=&#8220;1&#8243; custom_padding_last_edited=&#8220;off|desktop&#8220; admin_label=&#8220;Service&#8220; _builder_version=&#8220;3.22&#8243; custom_padding=&#8220;54px|0px|54px|0px|false|false&#8220; global_module=&#8220;193&#8243; saved_tabs=&#8220;all&#8220;][et_pb_row _builder_version=&#8220;4.0.6&#8243;][et_pb_column type=&#8220;4_4&#8243; _builder_version=&#8220;4.0.6&#8243;][et_pb_text _builder_version=&#8220;4.0.6&#8243;]<div class=\"row\">\n<div class=\"col-md-5\">\n<div class=\"address\">\n<p>Zeidler Holzkunst GmbH<br \/>Glash\u00fcttenweg 39<br \/>09548 Kurort Seiffen &#8211; Germany<\/p>\n<p>Tel.: 49(0)37362-8589<br \/>Fax: 49(0)37362-8340<br \/>E.Mail:\u00a0<a href=\"mailto:info@holzkunst-zeidler.de\">info[at]zeidler-holzkunst.de<\/a><\/p>\n<p class=\"m_8\">\n<p>Gesch\u00e4ftsf\u00fchrer: Andr\u00e9 Zeidler<br \/>Umsatzsteuer-ID-Nr: DE814789829<br \/>HRB 23169 (Amtsgericht Chemnitz)<\/p>\n<p>&nbsp;<\/p>\n<\/div>\n<p class=\"m_8\">Wir sind bem\u00fcht, die Angaben so aktuell wie m\u00f6glich, zu halten. Alle Rechte vorbehalten. Nachdruck sowie \u00dcbernahme in andere Anwendungen von Datenverarbeitungsanlagen jeglicher Art, auch auszugsweise, sind nur mit ausdr\u00fccklicher Genehmigung der Zeidler Holzkunst GmbH zul\u00e4ssig. Mit Urteil vom 12. Mai 1998 hat das Landgericht Hamburg entschieden, dass man durch die Ausbringung eines Links die Inhalte der gelinkten Seite ggf. mit zu verantworten hat. Dies kann, so das LG, nur dadurch verhindert werden, dass man sich ausdr\u00fccklich von diesen Inhalten distanziert. Wir haben auf unseren Seiten Links zu anderen Seiten im Internet gelegt. F\u00fcr alle diese Links gilt: Zeidler Holzkunst GmbH erkl\u00e4rt ausdr\u00fccklich, dass es keinerlei Einfluss auf die Gestaltung und die Inhalte der gelinkten Seiten hat. Deshalb distanziert es sich hiermit ausdr\u00fccklich von den Inhalten aller gelinkten Seiten unter www.zeidler-holzkunst.de und macht sich diese Inhalte nicht zu Eigen. Diese Erkl\u00e4rung gilt f\u00fcr alle auf unserer Homepage angezeigten Links und f\u00fcr alle Inhalte der Seiten, zu denen die bei uns angemeldeten Banner und Links f\u00fchren.<\/p>\n<\/div>\n<\/div>\n<div class=\"row\"><\/div>\n<div class=\"footer\">\n<div class=\"container\">\n<div class=\"row\">\n<div class=\"col-md-3\"><\/div>\n<\/div>\n<\/div>\n<\/div>[\/et_pb_text][\/et_pb_column][\/et_pb_row][\/et_pb_section]\n","protected":false},"excerpt":{"rendered":"<p>Impressum Zeidler Holzkunst GmbHGlash\u00fcttenweg 3909548 Kurort Seiffen &#8211; Germany Tel.: 49(0)37362-8589Fax: 49(0)37362-8340E.Mail:\u00a0info[at]zeidler-holzkunst.de Gesch\u00e4ftsf\u00fchrer: Andr\u00e9 ZeidlerUmsatzsteuer-ID-Nr: DE814789829HRB 23169 (Amtsgericht Chemnitz) &nbsp; Wir sind bem\u00fcht, die Angaben so aktuell wie m\u00f6glich, zu halten. Alle Rechte vorbehalten. Nachdruck sowie \u00dcbernahme in andere Anwendungen von Datenverarbeitungsanlagen jeglicher Art, auch auszugsweise, sind nur mit ausdr\u00fccklicher Genehmigung der Zeidler Holzkunst GmbH [&hellip;]<\/p>\n","protected":false},"author":2,"featured_media":0,"parent":0,"menu_order":0,"comment_status":"closed","ping_status":"closed","template":"","meta":{"_et_pb_use_builder":"on","_et_pb_old_content":"","_et_gb_content_width":""},"_links":{"self":[{"href":"https:\/\/www.power-face.com\/index.php?rest_route=\/wp\/v2\/pages\/188"}],"collection":[{"href":"https:\/\/www.power-face.com\/index.php?rest_route=\/wp\/v2\/pages"}],"about":[{"href":"https:\/\/www.power-face.com\/index.php?rest_route=\/wp\/v2\/types\/page"}],"author":[{"embeddable":true,"href":"https:\/\/www.power-face.com\/index.php?rest_route=\/wp\/v2\/users\/2"}],"replies":[{"embeddable":true,"href":"https:\/\/www.power-face.com\/index.php?rest_route=%2Fwp%2Fv2%2Fcomments&post=188"}],"version-history":[{"count":7,"href":"https:\/\/www.power-face.com\/index.php?rest_route=\/wp\/v2\/pages\/188\/revisions"}],"predecessor-version":[{"id":883,"href":"https:\/\/www.power-face.com\/index.php?rest_route=\/wp\/v2\/pages\/188\/revisions\/883"}],"wp:attachment":[{"href":"https:\/\/www.power-face.com\/index.php?rest_route=%2Fwp%2Fv2%2Fmedia&parent=188"}],"curies":[{"name":"wp","href":"https:\/\/api.w.org\/{rel}","templated":true}]}}